{"id":94,"date":"2020-05-29T14:42:38","date_gmt":"2020-05-29T12:42:38","guid":{"rendered":"https:\/\/zahnarzt-sittel.de\/?page_id=94"},"modified":"2020-09-29T09:52:12","modified_gmt":"2020-09-29T07:52:12","slug":"vita","status":"publish","type":"page","link":"https:\/\/zahnarzt-sittel.de\/?page_id=94","title":{"rendered":"Vita"},"content":{"rendered":"<p>[et_pb_section fb_built=&#8220;1&#8243; _builder_version=&#8220;4.6.1&#8243; background_image=&#8220;https:\/\/zahnarzt-sittel.de\/wp-content\/uploads\/zahnarztpraxis-sittel-praxisbild-2.jpg&#8220; hover_enabled=&#8220;0&#8243; module_class=&#8220;green-intro&#8220; sticky_enabled=&#8220;0&#8243;][et_pb_row column_structure=&#8220;3_5,2_5&#8243; _builder_version=&#8220;4.4.7&#8243; background_size=&#8220;initial&#8220; background_position=&#8220;top_left&#8220; background_repeat=&#8220;repeat&#8220; width=&#8220;100%&#8220; max_width=&#8220;1440px&#8220; custom_padding=&#8220;|40px||40px|false|false&#8220;][et_pb_column type=&#8220;3_5&#8243; _builder_version=&#8220;4.4.7&#8243; background_color=&#8220;rgba(194,207,0,0.76)&#8220; custom_padding=&#8220;200px|30px|200px|30px|false|false&#8220; custom_padding__hover=&#8220;|||&#8220;][et_pb_text _builder_version=&#8220;4.6.1&#8243; text_text_color=&#8220;#000000&#8243; header_font=&#8220;Montserrat|||on|||||&#8220; header_text_color=&#8220;#ffffff&#8220; header_font_size=&#8220;50px&#8220; header_line_height=&#8220;60px&#8220; background_size=&#8220;initial&#8220; background_position=&#8220;top_left&#8220; background_repeat=&#8220;repeat&#8220;]<\/p>\n<h1>Vita<\/h1>\n<p>[\/et_pb_text][\/et_pb_column][et_pb_column type=&#8220;2_5&#8243; _builder_version=&#8220;4.4.7&#8243; custom_padding=&#8220;|30px||30px|false|false&#8220;][\/et_pb_column][\/et_pb_row][\/et_pb_section][et_pb_section fb_built=&#8220;1&#8243; _builder_version=&#8220;4.4.7&#8243;][et_pb_row column_structure=&#8220;3_5,2_5&#8243; _builder_version=&#8220;4.4.7&#8243; width=&#8220;100%&#8220; max_width=&#8220;1440px&#8220; custom_padding=&#8220;|40px||40px|false|false&#8220;][et_pb_column type=&#8220;3_5&#8243; _builder_version=&#8220;4.4.7&#8243; custom_padding=&#8220;|30px||30px|false|false&#8220; box_shadow_style=&#8220;preset2&#8243;][et_pb_text _builder_version=&#8220;4.4.7&#8243; header_font=&#8220;Montserrat|300||on|||||&#8220; header_2_font=&#8220;Montserrat|300||on|||||&#8220; header_2_text_align=&#8220;left&#8220; header_2_text_color=&#8220;#3a3a39&#8243; header_2_font_size=&#8220;40px&#8220; header_2_line_height=&#8220;50px&#8220; custom_padding=&#8220;50px||||false|false&#8220;]<\/p>\n<h2>ZA Christopher Sittel<\/h2>\n<p>[\/et_pb_text][et_pb_text _builder_version=&#8220;4.4.7&#8243; text_font=&#8220;Montserrat|300|||||||&#8220; text_text_color=&#8220;#3a3a39&#8243; text_font_size=&#8220;16px&#8220; text_line_height=&#8220;32px&#8220;]<\/p>\n<p>Herr Christopher Sittel studierte an der <strong>Johannes Gutenberg Universit\u00e4t Mainz<\/strong> von 2011 bis 2017 Zahnmedizin und erlangte im gleichen Jahr die Approbation als Zahnarzt, bevor er seine Assistenzarztzeit in der Praxis Dr. Gerhard Goossens absolvierte.<\/p>\n<p><strong>Zum 01.10.2019 erfolgte die \u00dcbernahme der Praxis am selben Standort.<\/strong><\/p>\n<p>Seit der Assistenzarztzeit bildete Herr Sittel sich auf verschiedenen Gebieten der modernen Zahnmedizin fort, so absolviert er derzeit das 1,5 j\u00e4hrige Curriculum Parodontologie der Landeszahn\u00e4rztekammer Rheinland Pfalz, sowie die Fachkunde Digitale Volumentomographie.<\/p>\n<p>Zus\u00e4tzlich erlangte Herr Sittel die Zertifizierung als Invisalign GO Anwender.<\/p>\n<p><strong>Mitgliedschaften:<\/strong><\/p>\n<p>Deutsche Gesellschaft f\u00fcr Implantologie (DGI)<\/p>\n<p>Deutsche Gesellschaft f\u00fcr Parodontologie (DGP)<\/p>\n<p>Deutsche Gesellschaft f\u00fcr Zahn-, Mund-, Kieferheilkunde (DGZMK)<\/p>\n<p>&nbsp;<\/p>\n<p>[\/et_pb_text][\/et_pb_column][et_pb_column type=&#8220;2_5&#8243; _builder_version=&#8220;4.4.7&#8243; custom_padding=&#8220;|30px||30px|false|false&#8220;][et_pb_image src=&#8220;https:\/\/zahnarzt-sittel.de\/wp-content\/uploads\/zahnarztpraxis-mainz-doktor-sittel-profilbild.jpg&#8220; alt=&#8220;Zahnarztpraxis Mainz Doktor Sittel Profilbild&#8220; title_text=&#8220;zahnarztpraxis-mainz-doktor-sittel-profilbild&#8220; align=&#8220;center&#8220; _builder_version=&#8220;4.4.7&#8243; width=&#8220;100%&#8220; max_width=&#8220;100%&#8220; module_alignment=&#8220;center&#8220; custom_margin=&#8220;||||false|false&#8220; box_shadow_style=&#8220;preset2&#8243;][\/et_pb_image][\/et_pb_column][\/et_pb_row][\/et_pb_section][et_pb_section fb_built=&#8220;1&#8243; _builder_version=&#8220;4.4.7&#8243; background_color=&#8220;#3a3a39&#8243;][et_pb_row _builder_version=&#8220;4.4.7&#8243; width=&#8220;100%&#8220; max_width=&#8220;1440px&#8220; custom_padding=&#8220;|40px||40px|false|false&#8220;][et_pb_column type=&#8220;4_4&#8243; _builder_version=&#8220;4.4.7&#8243; custom_padding=&#8220;|30px||30px|false|false&#8220;][et_pb_text _builder_version=&#8220;4.4.7&#8243; header_font=&#8220;Montserrat|300||on|||||&#8220; header_2_font=&#8220;Montserrat|300||on|||||&#8220; header_2_text_align=&#8220;left&#8220; header_2_text_color=&#8220;#ffffff&#8220; header_2_font_size=&#8220;40px&#8220; header_2_line_height=&#8220;50px&#8220;]<\/p>\n<h2>Dr. Gerhard Goossens <\/h2>\n<p>[\/et_pb_text][et_pb_image src=&#8220;https:\/\/zahnarzt-sittel.de\/wp-content\/uploads\/zahnarztpraxis-mainz-doktor-sittel-logo.png&#8220; alt=&#8220;Zahnarztpraxis Mainz Doktor Sittel Logo&#8220; title_text=&#8220;zahnarztpraxis-mainz-doktor-sittel-logo&#8220; align=&#8220;center&#8220; _builder_version=&#8220;4.4.7&#8243;][\/et_pb_image][et_pb_code _builder_version=&#8220;4.4.7&#8243;]<\/p>\n<div class=\"timeline\"><!-- [et_pb_line_break_holder] -->  <\/p>\n<div class=\"container-timeline left\"><!-- [et_pb_line_break_holder] -->    <\/p>\n<div class=\"content-timeline\"><!-- [et_pb_line_break_holder] -->        <\/p>\n<div class=\"h2\">1974 bis 1979 <\/div>\n<p><!-- [et_pb_line_break_holder] -->            <pee>Studium der Zahnheilkunde und Staatsexamen an der Johannes Gutenberg-  Universit\u00e4t Mainz<\/pee><!-- [et_pb_line_break_holder] -->        <\/div>\n<p><!-- [et_pb_line_break_holder] -->    <\/div>\n<p><!-- [et_pb_line_break_holder] -->    <\/p>\n<div class=\"container-timeline right\"><!-- [et_pb_line_break_holder] -->    <\/p>\n<div class=\"content-timeline\"><!-- [et_pb_line_break_holder] -->      <\/p>\n<div class=\"h2\">1982<\/div>\n<p><!-- [et_pb_line_break_holder] -->      <pee>Promotion zum Dr. med. dent.<\/pee><!-- [et_pb_line_break_holder] -->    <\/div>\n<p><!-- [et_pb_line_break_holder] -->  <\/div>\n<p><!-- [et_pb_line_break_holder] -->  <\/p>\n<div class=\"container-timeline left\"><!-- [et_pb_line_break_holder] -->    <\/p>\n<div class=\"content-timeline\"><!-- [et_pb_line_break_holder] -->      <\/p>\n<div class=\"h2\">1980 bis 1983<\/div>\n<p><!-- [et_pb_line_break_holder] -->      <pee>Assistentent\u00e4tigkeit in Wiesbaden und Mainz<\/pee><!-- [et_pb_line_break_holder] -->    <\/div>\n<p><!-- [et_pb_line_break_holder] -->  <\/div>\n<p><!-- [et_pb_line_break_holder] -->  <\/p>\n<div class=\"container-timeline right\"><!-- [et_pb_line_break_holder] -->    <\/p>\n<div class=\"content-timeline\"><!-- [et_pb_line_break_holder] -->      <\/p>\n<div class=\"h2\">1983 bis 2019<\/div>\n<p><!-- [et_pb_line_break_holder] -->      <pee>36 Jahre selbstst\u00e4ndige Praxist\u00e4tigkeit in Mainz<\/pee><!-- [et_pb_line_break_holder] -->    <\/div>\n<p><!-- [et_pb_line_break_holder] -->  <\/div>\n<p><!-- [et_pb_line_break_holder] -->  <\/p>\n<div class=\"container-timeline left\"><!-- [et_pb_line_break_holder] -->    <\/p>\n<div class=\"content-timeline\"><!-- [et_pb_line_break_holder] -->      <\/p>\n<div class=\"h2\">1. Oktober 2019<\/div>\n<p><!-- [et_pb_line_break_holder] -->      <pee>\u00dcbergabe der Praxis an ZA Christopher Sittel und weitere T\u00e4tigkeit als angestellter Zahnarzt<\/pee><!-- [et_pb_line_break_holder] -->    <\/div>\n<p><!-- [et_pb_line_break_holder] -->  <\/div>\n<p><!-- [et_pb_line_break_holder] --><\/div>\n<p>[\/et_pb_code][\/et_pb_column][\/et_pb_row][\/et_pb_section][et_pb_section fb_built=&#8220;1&#8243; _builder_version=&#8220;4.4.7&#8243; background_color=&#8220;#ffffff&#8220;][et_pb_row column_structure=&#8220;1_3,1_3,1_3&#8243; _builder_version=&#8220;4.4.7&#8243; width=&#8220;100%&#8220; max_width=&#8220;1440px&#8220; custom_padding=&#8220;|40px||40px|false|false&#8220;][et_pb_column type=&#8220;1_3&#8243; admin_label=&#8220;Spalte&#8220; _builder_version=&#8220;4.4.7&#8243; background_color=&#8220;#dfdfe0&#8243; custom_padding=&#8220;||||false|false&#8220;][et_pb_image src=&#8220;https:\/\/zahnarzt-sittel.de\/wp-content\/uploads\/zahnarzt-sittel-aesthetische-zahnheilkunde.jpg&#8220; alt=&#8220;Zahnarzt Sittel \u00c4sthetische Zahnheilkunde&#8220; title_text=&#8220;zahnarzt-sittel-aesthetische-zahnheilkunde&#8220; align=&#8220;center&#8220; _builder_version=&#8220;4.6.1&#8243; background_color=&#8220;#c2cf00&#8243; module_alignment=&#8220;center&#8220; custom_padding=&#8220;||||false|false&#8220;][\/et_pb_image][et_pb_blurb title=&#8220;\u00c4sthetische  Zahnheilkunde&#8220; url=&#8220;\/leistungsspektrum\/aesthetische-zahnheilkunde\/&#8220; alt=&#8220;Zahnarztpraxis Mainz Doktor Sittel \u00c4sthetische Zahnheilkunde&#8220; _builder_version=&#8220;4.4.7&#8243; header_level=&#8220;h3&#8243; header_font=&#8220;Montserrat|600||on|||||&#8220; header_text_align=&#8220;left&#8220; header_font_size=&#8220;25px&#8220; header_line_height=&#8220;32px&#8220; body_font=&#8220;Montserrat|300|||||||&#8220; body_text_align=&#8220;left&#8220; body_text_color=&#8220;#3a3a39&#8243; body_font_size=&#8220;16px&#8220; body_line_height=&#8220;32px&#8220; custom_padding=&#8220;|40px||40px|false|false&#8220; border_radii_image=&#8220;on|10px|10px|10px|10px&#8220;]Sch\u00f6ne, wei\u00dfe, gleichm\u00e4\u00dfige Z\u00e4hne, das w\u00fcnscht sich jeder&#8230;   [\/et_pb_blurb][et_pb_button button_url=&#8220;\/aesthetische-zahnheilkunde\/&#8220; button_text=&#8220;Mehr&#8220; _builder_version=&#8220;4.6.1&#8243; custom_button=&#8220;on&#8220; button_text_size=&#8220;20px&#8220; button_text_color=&#8220;#ffffff&#8220; button_bg_color=&#8220;#3a3a39&#8243; button_border_width=&#8220;0px&#8220; button_border_radius=&#8220;0px&#8220; button_font=&#8220;Montserrat|600||on|||||&#8220; button_use_icon=&#8220;off&#8220; custom_margin=&#8220;|40px|40px|40px|false|false&#8220; custom_padding=&#8220;|30px||30px|false|false&#8220;][\/et_pb_button][\/et_pb_column][et_pb_column type=&#8220;1_3&#8243; _builder_version=&#8220;4.4.7&#8243; background_color=&#8220;#dfdfe0&#8243; custom_padding=&#8220;||||false|false&#8220;][et_pb_image src=&#8220;https:\/\/zahnarzt-sittel.de\/wp-content\/uploads\/zahnarzt-sittel-endodontologie.jpg&#8220; alt=&#8220;Zahnarzt Sittel Endodontologie&#8220; title_text=&#8220;zahnarzt-sittel-endodontologie&#8220; align=&#8220;center&#8220; _builder_version=&#8220;4.6.1&#8243; background_color=&#8220;#c2cf00&#8243; module_alignment=&#8220;center&#8220; custom_padding=&#8220;||||false|false&#8220;][\/et_pb_image][et_pb_blurb title=&#8220;Endodontologie&#8220; url=&#8220;\/leistungsspektrum\/endodontologie\/&#8220; alt=&#8220;Zahnarztpraxis Mainz Doktor Sittel Endodontologie&#8220; admin_label=&#8220;Informationstext&#8220; _builder_version=&#8220;4.4.7&#8243; header_level=&#8220;h3&#8243; header_font=&#8220;Montserrat|600||on|||||&#8220; header_text_align=&#8220;left&#8220; header_font_size=&#8220;25px&#8220; header_line_height=&#8220;32px&#8220; body_font=&#8220;Montserrat|300|||||||&#8220; body_text_align=&#8220;left&#8220; body_text_color=&#8220;#3a3a39&#8243; body_font_size=&#8220;16px&#8220; body_line_height=&#8220;32px&#8220; custom_padding=&#8220;|40px||40px|false|false&#8220; border_radii_image=&#8220;on|10px|10px|10px|10px&#8220;]<\/p>\n<p>Eine Wurzelkanalbehandlung, auch Endodontie genannt, wird notwendig, wenn sich durch&#8230;<\/p>\n<p>[\/et_pb_blurb][et_pb_button button_url=&#8220;\/endodontologie\/&#8220; button_text=&#8220;Mehr&#8220; _builder_version=&#8220;4.6.1&#8243; custom_button=&#8220;on&#8220; button_text_size=&#8220;20px&#8220; button_text_color=&#8220;#ffffff&#8220; button_bg_color=&#8220;#3a3a39&#8243; button_border_width=&#8220;0px&#8220; button_border_radius=&#8220;0px&#8220; button_font=&#8220;Montserrat|600||on|||||&#8220; button_use_icon=&#8220;off&#8220; custom_margin=&#8220;|40px|40px|40px|false|false&#8220; custom_padding=&#8220;|30px||30px|false|false&#8220;][\/et_pb_button][\/et_pb_column][et_pb_column type=&#8220;1_3&#8243; _builder_version=&#8220;4.4.7&#8243; background_color=&#8220;#dfdfe0&#8243; custom_padding=&#8220;||||false|false&#8220;][et_pb_image src=&#8220;https:\/\/zahnarzt-sittel.de\/wp-content\/uploads\/zahnarzt-sittel-implantologie.jpg&#8220; alt=&#8220;Zahnarzt Sittel Implantologie&#8220; title_text=&#8220;zahnarzt-sittel-implantologie&#8220; align=&#8220;center&#8220; _builder_version=&#8220;4.6.1&#8243; background_color=&#8220;#c2cf00&#8243; module_alignment=&#8220;center&#8220; custom_padding=&#8220;||||false|false&#8220;][\/et_pb_image][et_pb_blurb title=&#8220;Implantologie&#8220; url=&#8220;\/leistungsspektrum\/implantologie\/&#8220; alt=&#8220;Zahnarztpraxis Mainz Doktor Sittel Implantologie&#8220; _builder_version=&#8220;4.4.7&#8243; header_level=&#8220;h3&#8243; header_font=&#8220;Montserrat|600||on|||||&#8220; header_text_align=&#8220;left&#8220; header_font_size=&#8220;25px&#8220; header_line_height=&#8220;32px&#8220; body_font=&#8220;Montserrat|300|||||||&#8220; body_text_align=&#8220;left&#8220; body_text_color=&#8220;#3a3a39&#8243; body_font_size=&#8220;16px&#8220; body_line_height=&#8220;32px&#8220; custom_padding=&#8220;|40px||40px|false|false&#8220; border_radii_image=&#8220;on|10px|10px|10px|10px&#8220;]<\/p>\n<p>Ein Zahnimplantat dient dem Ersatz eines oder mehrerer Z\u00e4hne im L\u00fcckengebiss oder dem&#8230;<\/p>\n<p>[\/et_pb_blurb][et_pb_button button_url=&#8220;\/implantologie\/&#8220; button_text=&#8220;Mehr&#8220; _builder_version=&#8220;4.6.1&#8243; custom_button=&#8220;on&#8220; button_text_size=&#8220;20px&#8220; button_text_color=&#8220;#ffffff&#8220; button_bg_color=&#8220;#3a3a39&#8243; button_border_width=&#8220;0px&#8220; button_border_radius=&#8220;0px&#8220; button_font=&#8220;Montserrat|600||on|||||&#8220; button_use_icon=&#8220;off&#8220; custom_margin=&#8220;|40px|40px|40px|false|false&#8220; custom_padding=&#8220;|30px||30px|false|false&#8220;][\/et_pb_button][\/et_pb_column][\/et_pb_row][\/et_pb_section][et_pb_section fb_built=&#8220;1&#8243; _builder_version=&#8220;4.6.1&#8243; background_image=&#8220;https:\/\/zahnarzt-sittel.de\/wp-content\/uploads\/zahnarztpraxis-sittel-praxisbild-3.jpg&#8220; min_height=&#8220;500px&#8220;][et_pb_row _builder_version=&#8220;4.4.7&#8243; background_size=&#8220;initial&#8220; background_position=&#8220;top_left&#8220; background_repeat=&#8220;repeat&#8220; width=&#8220;100%&#8220; max_width=&#8220;1440px&#8220; custom_padding=&#8220;|40px||40px|false|false&#8220;][et_pb_column type=&#8220;4_4&#8243; _builder_version=&#8220;4.4.7&#8243; background_color=&#8220;rgba(0,0,0,0)&#8220; custom_padding=&#8220;|30px||30px|false|false&#8220; custom_padding__hover=&#8220;|||&#8220;][et_pb_code admin_label=&#8220;Code&#8220; _builder_version=&#8220;4.4.7&#8243;]<\/p>\n<div class=\"spacer\"><!-- [et_pb_line_break_holder] --><\/div>\n<p>[\/et_pb_code][\/et_pb_column][\/et_pb_row][\/et_pb_section]<\/p>\n","protected":false},"excerpt":{"rendered":"<p>[et_pb_section fb_built=&#8220;1&#8243; _builder_version=&#8220;4.6.1&#8243; background_image=&#8220;https:\/\/zahnarzt-sittel.de\/wp-content\/uploads\/zahnarztpraxis-sittel-praxisbild-2.jpg&#8220; hover_enabled=&#8220;0&#8243; module_class=&#8220;green-intro&#8220; sticky_enabled=&#8220;0&#8243;][et_pb_row column_structure=&#8220;3_5,2_5&#8243; _builder_version=&#8220;4.4.7&#8243; background_size=&#8220;initial&#8220; background_position=&#8220;top_left&#8220; background_repeat=&#8220;repeat&#8220; width=&#8220;100%&#8220; max_width=&#8220;1440px&#8220; custom_padding=&#8220;|40px||40px|false|false&#8220;][et_pb_column type=&#8220;3_5&#8243; _builder_version=&#8220;4.4.7&#8243; background_color=&#8220;rgba(194,207,0,0.76)&#8220; custom_padding=&#8220;200px|30px|200px|30px|false|false&#8220; custom_padding__hover=&#8220;|||&#8220;][et_pb_text _builder_version=&#8220;4.6.1&#8243; text_text_color=&#8220;#000000&#8243; header_font=&#8220;Montserrat|||on|||||&#8220; header_text_color=&#8220;#ffffff&#8220; header_font_size=&#8220;50px&#8220; header_line_height=&#8220;60px&#8220; background_size=&#8220;initial&#8220; background_position=&#8220;top_left&#8220; background_repeat=&#8220;repeat&#8220;] Vita [\/et_pb_text][\/et_pb_column][et_pb_column type=&#8220;2_5&#8243; _builder_version=&#8220;4.4.7&#8243; custom_padding=&#8220;|30px||30px|false|false&#8220;][\/et_pb_column][\/et_pb_row][\/et_pb_section][et_pb_section fb_built=&#8220;1&#8243; _builder_version=&#8220;4.4.7&#8243;][et_pb_row column_structure=&#8220;3_5,2_5&#8243; _builder_version=&#8220;4.4.7&#8243; width=&#8220;100%&#8220; max_width=&#8220;1440px&#8220; custom_padding=&#8220;|40px||40px|false|false&#8220;][et_pb_column type=&#8220;3_5&#8243; _builder_version=&#8220;4.4.7&#8243; custom_padding=&#8220;|30px||30px|false|false&#8220; box_shadow_style=&#8220;preset2&#8243;][et_pb_text _builder_version=&#8220;4.4.7&#8243; header_font=&#8220;Montserrat|300||on|||||&#8220; header_2_font=&#8220;Montserrat|300||on|||||&#8220; header_2_text_align=&#8220;left&#8220; header_2_text_color=&#8220;#3a3a39&#8243; header_2_font_size=&#8220;40px&#8220; header_2_line_height=&#8220;50px&#8220; custom_padding=&#8220;50px||||false|false&#8220;] ZA Christopher [&hellip;]<\/p>\n","protected":false},"author":1,"featured_media":0,"parent":0,"menu_order":0,"comment_status":"closed","ping_status":"closed","template":"","meta":{"_et_pb_use_builder":"on","_et_pb_old_content":"<p>Dies ist eine Beispiel-Seite. Sie unterscheidet sich von Beitr\u00e4gen, weil sie stets an der selben Stelle bleibt und (bei den meisten Themes) in der Navigationsleiste angezeigt wird. Die meisten Leute starten mit einer \u201e\u00dcber uns\u201c-Seite mit einer Vorstellung f\u00fcr m\u00f6gliche Besucher der Website. Dort k\u00f6nnte zum Beispiel stehen:<\/p><blockquote><p>Hallo! Tags\u00fcber arbeite ich als Fahrradkurier, nachts bin ich ein aufstrebender Schauspieler und dies hier ist mein Blog. Ich lebe in Berlin, habe einen gro\u00dfen Hund namens Jack, mag die Fantastischen Vier\u00a0und ein k\u00fchles Bier.<\/p><\/blockquote><p>Als neuer WordPress-Anwender solltest du das <a href=\"http:\/\/xdast.abcde.biz\/wordpress\/wp-admin\/\">Dashboard<\/a> aufrufen, um diese Seite zu l\u00f6schen und statt dessen eine neue Seite mit deinem eigenen Inhalt erstellen. Viel Spa\u00df!<\/p>","_et_gb_content_width":"","footnotes":""},"class_list":["post-94","page","type-page","status-publish","hentry"],"_links":{"self":[{"href":"https:\/\/zahnarzt-sittel.de\/index.php?rest_route=\/wp\/v2\/pages\/94","targetHints":{"allow":["GET"]}}],"collection":[{"href":"https:\/\/zahnarzt-sittel.de\/index.php?rest_route=\/wp\/v2\/pages"}],"about":[{"href":"https:\/\/zahnarzt-sittel.de\/index.php?rest_route=\/wp\/v2\/types\/page"}],"author":[{"embeddable":true,"href":"https:\/\/zahnarzt-sittel.de\/index.php?rest_route=\/wp\/v2\/users\/1"}],"replies":[{"embeddable":true,"href":"https:\/\/zahnarzt-sittel.de\/index.php?rest_route=%2Fwp%2Fv2%2Fcomments&post=94"}],"version-history":[{"count":14,"href":"https:\/\/zahnarzt-sittel.de\/index.php?rest_route=\/wp\/v2\/pages\/94\/revisions"}],"predecessor-version":[{"id":643,"href":"https:\/\/zahnarzt-sittel.de\/index.php?rest_route=\/wp\/v2\/pages\/94\/revisions\/643"}],"wp:attachment":[{"href":"https:\/\/zahnarzt-sittel.de\/index.php?rest_route=%2Fwp%2Fv2%2Fmedia&parent=94"}],"curies":[{"name":"wp","href":"https:\/\/api.w.org\/{rel}","templated":true}]}}