{"id":209,"date":"2020-05-29T17:44:16","date_gmt":"2020-05-29T15:44:16","guid":{"rendered":"https:\/\/zahnarzt-sittel.de\/?page_id=209"},"modified":"2024-07-24T09:36:57","modified_gmt":"2024-07-24T07:36:57","slug":"impressum","status":"publish","type":"page","link":"https:\/\/zahnarzt-sittel.de\/?page_id=209","title":{"rendered":"Impressum"},"content":{"rendered":"<p>[et_pb_section fb_built=&#8220;1&#8243; module_class=&#8220;green-intro&#8220; _builder_version=&#8220;4.6.1&#8243; background_image=&#8220;https:\/\/zahnarzt-sittel.de\/wp-content\/uploads\/zahnarztpraxis-mainz-doktor-sittel-intro.jpg&#8220;][et_pb_row column_structure=&#8220;3_5,2_5&#8243; _builder_version=&#8220;4.4.7&#8243; background_size=&#8220;initial&#8220; background_position=&#8220;top_left&#8220; background_repeat=&#8220;repeat&#8220; width=&#8220;100%&#8220; max_width=&#8220;1440px&#8220; custom_padding=&#8220;|40px||40px|false|false&#8220;][et_pb_column type=&#8220;3_5&#8243; _builder_version=&#8220;4.4.7&#8243; background_color=&#8220;rgba(194,207,0,0.76)&#8220; custom_padding=&#8220;200px|30px|200px|30px|false|false&#8220; custom_padding__hover=&#8220;|||&#8220;][et_pb_text _builder_version=&#8220;4.6.5&#8243; text_text_color=&#8220;#000000&#8243; header_font=&#8220;Montserrat|||on|||||&#8220; header_text_color=&#8220;#ffffff&#8220; header_font_size=&#8220;50px&#8220; header_line_height=&#8220;60px&#8220; background_size=&#8220;initial&#8220; background_position=&#8220;top_left&#8220; background_repeat=&#8220;repeat&#8220;]<\/p>\n<h1>Impressum<\/h1>\n<p>[\/et_pb_text][\/et_pb_column][et_pb_column type=&#8220;2_5&#8243; _builder_version=&#8220;4.4.7&#8243; custom_padding=&#8220;|30px||30px|false|false&#8220;][\/et_pb_column][\/et_pb_row][\/et_pb_section][et_pb_section fb_built=&#8220;1&#8243; _builder_version=&#8220;4.4.7&#8243;][et_pb_row _builder_version=&#8220;4.4.7&#8243; width=&#8220;100%&#8220; max_width=&#8220;1440px&#8220; custom_padding=&#8220;|40px||40px|false|false&#8220;][et_pb_column type=&#8220;4_4&#8243; _builder_version=&#8220;4.4.7&#8243; custom_padding=&#8220;|30px||30px|false|false&#8220; box_shadow_style=&#8220;preset2&#8243;][et_pb_text _builder_version=&#8220;4.6.5&#8243; header_font=&#8220;Montserrat|300||on|||||&#8220; header_2_font=&#8220;Montserrat|300||on|||||&#8220; header_2_text_align=&#8220;left&#8220; header_2_text_color=&#8220;#3a3a39&#8243; header_2_font_size=&#8220;40px&#8220; header_2_line_height=&#8220;50px&#8220; custom_padding=&#8220;50px||||false|false&#8220;]<\/p>\n<h2>Pflichtangaben nach \u00a7 5 DDG und \u00a7 55 RstV<\/h2>\n<p>[\/et_pb_text][et_pb_text _builder_version=&#8220;4.4.7&#8243; text_font=&#8220;Montserrat|300|||||||&#8220; text_text_color=&#8220;#3a3a39&#8243; text_font_size=&#8220;16px&#8220; text_line_height=&#8220;32px&#8220; custom_padding=&#8220;||50px||false|false&#8220;]<\/p>\n<h2>Zahnarztpraxis Christopher Sittel<\/h2>\n<p>Wei\u00dfliliengasse 29<br \/> 55116 Mainz<\/p>\n<p>Tel <a href=\"tel:06131225599\" target=\"_blank\" rel=\"noopener noreferrer\" title=\"Zahnarztpraxis Christopher Sittel anrufen\">06131 225599<\/a><br \/> Fax 06131 220606<\/p>\n<p><a href=\"mailto:praxis@zahnarzt-sittel.de\">praxis@zahnarzt-sittel.de<\/a><\/p>\n<p>[\/et_pb_text][\/et_pb_column][\/et_pb_row][\/et_pb_section][et_pb_section fb_built=&#8220;1&#8243; _builder_version=&#8220;4.4.7&#8243;][et_pb_row _builder_version=&#8220;4.4.7&#8243; width=&#8220;100%&#8220; max_width=&#8220;1440px&#8220; custom_padding=&#8220;|40px||40px|false|false&#8220;][et_pb_column type=&#8220;4_4&#8243; _builder_version=&#8220;4.4.7&#8243;][et_pb_text _builder_version=&#8220;4.6.5&#8243; text_font=&#8220;Montserrat|300|||||||&#8220; text_text_color=&#8220;#3a3a39&#8243; text_font_size=&#8220;16px&#8220; text_line_height=&#8220;32px&#8220; custom_padding=&#8220;||||false|false&#8220;]<\/p>\n<p><strong>Rechtsform:<br \/> <\/strong>Einzelpraxis<\/p>\n<p><strong>Kontakt:<br \/> Zahnarztpraxis Christopher Sittel<\/strong><\/p>\n<p>Wei\u00dfliliengasse 29<br \/> 55116 Mainz<\/p>\n<p>Tel <a href=\"tel:06131225599\" target=\"_blank\" rel=\"noopener noreferrer\" title=\"Zahnarztpraxis Christopher Sittel anrufen\">06131 225599<\/a><br \/> Fax 06131 220606<\/p>\n<p><a href=\"mailto:praxis@zahnarzt-sittel.de\" target=\"_blank\" rel=\"noopener noreferrer\" title=\"Email Zahnarztpraxis Dr Sittel\">praxis@zahnarzt-sittel.de<\/a><\/p>\n<p><strong>Zust\u00e4ndige Kammer:<\/strong><\/p>\n<p><strong>Landeszahn\u00e4rztekammer Rheinland-Pfalz<br \/> <\/strong>K\u00f6rperschaft des \u00f6ffentlichen Rechts<\/p>\n<p>Langenbeckstra\u00dfe 2<br \/> 55131 Mainz<\/p>\n<p>Tel 06131 9613660<\/p>\n<p><strong>Gesetzliche Berufsbezeichnung:<br \/> <\/strong>Christopher Sittel<br \/> Zahnarzt, Erwerb der Approbation 2017 in Koblenz, Rheinland<\/p>\n<p>-Pfalz, Deutschland<\/p>\n<p><strong>\u00a0<\/strong><strong>Berufsrechtliche Regelungen:<\/strong><\/p>\n<p><strong>\u00a0<\/strong>&#8211; <a href=\"https:\/\/www.lzk.de\/zahnaerzte\/berufsrecht\/\" target=\"_blank\" rel=\"noopener noreferrer\">Berufsordnung f\u00fcr Zahn\u00e4rzte<\/a><strong><\/strong><\/p>\n<p>&#8211; <a href=\"https:\/\/www.sozialgesetzbuch-sgb.de\/sgbv\/1.html\" target=\"_blank\" rel=\"noopener noreferrer\">Sozialgesetzbuch, F\u00fcnftes Buch (SGB V)<\/a><\/p>\n<p><strong>\u00a0<\/strong>&#8211; <a href=\"https:\/\/www.gesetze-im-internet.de\/zo-zahn_rzte\/BJNR005820957.html\" target=\"_blank\" rel=\"noopener noreferrer\">Gesetz \u00fcber die Aus\u00fcbung der Zahnheilkunde (Zahn\u00e4rzte-ZV)<\/a><\/p>\n<p>&#8211;  <a href=\"http:\/\/landesrecht.rlp.de\/jportal\/?quelle=jlink&amp;query=HeilBerG+RP&amp;psml=bsrlpprod.psml\" target=\"_blank\" rel=\"noopener noreferrer\">Heilberufsgesetz (HeilBG)<\/a><\/p>\n<p>&#8211; <a href=\"https:\/\/www.bzaek.de\/fileadmin\/PDFs\/GOZ\/gebuehrenordnung_fuer_zahnaerzte_2012.pdf\" target=\"_blank\" rel=\"noopener noreferrer\">Geb\u00fchrenordnung f\u00fcr Zahn\u00e4rzte (GOZ)<\/a><\/p>\n<p>&#8211; <a href=\"http:\/\/www.gesetze-im-internet.de\/heilmwerbg\/\" target=\"_blank\" rel=\"noopener noreferrer\">Heilmittelwerbegesetz (HWG)<\/a><\/p>\n<p><strong>Zust\u00e4ndige Aufsichtsbeh\u00f6rden:<br \/> Landeszahn\u00e4rztekammer RLP<\/strong><\/p>\n<p>Langenbeckstra\u00dfe 2<br \/> 55131 Mainz<\/p>\n<p>Tel 06131 9613660<\/p>\n<p><a href=\"https:\/\/www.lzk.de\" target=\"_blank\" rel=\"noopener noreferrer\">www.lzk.de<\/a><br \/> <strong><\/strong><\/p>\n<p><strong>Bezirkszahn\u00e4rztekammer Rheinhessen BZKR<br \/> <\/strong><\/p>\n<p>Wilhelm-Theodor-R\u00f6mheld-Str. 24<br \/> 55130 Mainz<\/p>\n<p>Tel 06131 490850<\/p>\n<p><a href=\"https:\/\/www.bzkr.de\" target=\"_blank\" rel=\"noopener noreferrer\">www.bzkr.de<\/a><\/p>\n<p><strong>Landesamt f\u00fcr Soziales, Jugend und Versorgung<br \/> <\/strong>Rheinallee 97-101<br \/> 55118 Mainz<\/p>\n<p>Tel 06131 9670<\/p>\n<p><a href=\"http:\/\/www.lsjv.rlp.de\/\" target=\"_blank\" rel=\"noopener noreferrer\">www.lsjv.rlp.de<\/a><\/p>\n<p><strong>Kassenzahn\u00e4rztliche Vereinigung Rheinland-Pfalz<\/strong><\/p>\n<p>K\u00f6rperschaft des \u00f6ffentlichen Rechts<\/p>\n<p>Eppichmauergasse 1<br \/> 55116 Mainz<\/p>\n<p>Tel 06131 89270<\/p>\n<p><a href=\"mailto:kontakt@kzvrlp.de\" target=\"_blank\" rel=\"noopener noreferrer\" title=\"Email Zahnarztpraxis Dr Sittel\">kontakt@kzvrlp.de<\/a><br \/> <a href=\"http:\/\/www.kzvrlp.de\/\" target=\"_blank\" rel=\"noopener noreferrer\">www.kzvrlp.de<\/a><\/p>\n<p>[\/et_pb_text][\/et_pb_column][\/et_pb_row][\/et_pb_section][et_pb_section fb_built=&#8220;1&#8243; _builder_version=&#8220;4.4.7&#8243;][et_pb_row _builder_version=&#8220;4.4.7&#8243; width=&#8220;100%&#8220; max_width=&#8220;1440px&#8220; custom_padding=&#8220;|40px||40px|false|false&#8220;][et_pb_column type=&#8220;4_4&#8243; _builder_version=&#8220;4.4.7&#8243;][et_pb_text _builder_version=&#8220;4.6.5&#8243; text_font=&#8220;Montserrat|300|||||||&#8220; text_text_color=&#8220;#3a3a39&#8243; text_font_size=&#8220;16px&#8220; text_line_height=&#8220;32px&#8220; custom_padding=&#8220;||50px||false|false&#8220; hover_enabled=&#8220;0&#8243; sticky_enabled=&#8220;0&#8243;]<strong>Haftungsbeschr\u00e4nkung f\u00fcr eigene Inhalte:<\/strong><br \/>\nDie Inhalte dieser Webseite wurden sorgf\u00e4ltig und nach bestem Gewissen erstellt. F\u00fcr die Aktualit\u00e4t, Vollst\u00e4ndigkeit, Richtigkeit und Qualit\u00e4t s\u00e4mtlicher Seiten kann keine Gew\u00e4hr \u00fcbernommen werden. Gem\u00e4\u00df \u00a7 7 Abs. 1 DDG sind Diensteanbieter f\u00fcr ihre eigenen Inhalte auf Webseiten nach den allgemeinen Gesetzen verantwortlich. Jedoch sind Diensteanbieter nach den \u00a7\u00a7 8 bis 10 DDG nicht verpflichtet, \u00fcbermittelte oder gespeicherte fremde Informationen zu \u00fcberwachen oder nach Umst\u00e4nden zu forschen, die auf rechtswidrige T\u00e4tigkeiten hinweisen. Ab dem Zeitpunkt der Kenntnis \u00fcber konkrete Rechtsverletzungen erfolgt umgehend eine Entfernung dieser Inhalte. Erst ab dem Zeitpunkt der Kenntniserlangung kann diesbez\u00fcglich eine Haftung \u00fcbernommen werden.<br \/>\nHaftungsanspr\u00fcche gegen die Autoren, welche sich auf Sch\u00e4den materieller oder ideeller Art beziehen, die durch die Nutzung oder Nichtnutzung der dargebotenen Informationen bzw. durch die Nutzung fehlerhafter und unvollst\u00e4ndiger Informationen verursacht wurden, sind grunds\u00e4tzlich ausgeschlossen, sofern seitens der Autoren kein nachweislich vors\u00e4tzliches oder grob fahrl\u00e4ssiges Verschulden vorliegt. Alle Angebote sind freibleibend und unverbindlich. Die Autoren behalten es sich ausdr\u00fccklich vor, Teile der Seiten oder das gesamte Angebot ohne gesonderte Ank\u00fcndigung zu ver\u00e4ndern, zu erg\u00e4nzen, zu l\u00f6schen oder die Ver\u00f6ffentlichung zeitweise oder endg\u00fcltig einzustellen.<\/p>\n<p><strong>Haftungsbeschr\u00e4nkung f\u00fcr externe Inhalte:<\/strong><br \/>\nDiese Webseite enth\u00e4lt Verkn\u00fcpfungen zu Webseiten Dritter (externe Links). Hier haben wir keinen Einfluss auf deren Inhalte und \u00fcbernehmen somit keine Gew\u00e4hr. Diese Feststellung gilt f\u00fcr alle innerhalb des eigenen Internetangebotes gesetzten Links und Verweise sowie f\u00fcr Fremdeintr\u00e4ge in vom Autor eingerichteten G\u00e4steb\u00fcchern, Diskussionsforen, Linkverzeichnissen, Mailinglisten und in allen anderen Formen von Datenbanken, auf deren Inhalt externe Schreibzugriffe m\u00f6glich sind. F\u00fcr die Richtigkeit und Inhalt der jeweiligen verlinkten Webseite ist der Informationsanbieter verantwortlich. Zum Zeitpunkt der Verlinkung waren keine Rechtsverst\u00f6\u00dfe erkennbar. Wenn hier eine Rechtsverletzung bekannt wird, wird der jeweilige Link entfernt.<\/p>\n<p><strong>Rechtswirksamkeit dieses Impressums (Salvatorische Klausel):<\/strong><br \/>\nDieses Impressum ist als Teil des Internetangebotes zu betrachten, von dem aus auf diese Seite verwiesen wurde. Sofern Teile oder einzelne Formulierungen dieses Textes der geltenden Rechtslage nicht, nicht mehr oder nicht vollst\u00e4ndig entsprechen sollten, bleiben die \u00fcbrigen Teile des Dokumentes in ihrem Inhalt und ihrer G\u00fcltigkeit davon unber\u00fchrt.<\/p>\n<p><strong>Hinweis zum Allgemeinen Gleichbehandlungsgesetz:<\/strong><br \/>\nAuf Grund der leichteren Lesbarkeit wird auf eine geschlechterspezifische Differenzierung verzichtet. Entsprechende Begriffe gelten im Sinne der Gleichbehandlung f\u00fcr beide Geschlechter.<\/p>\n<p><strong>Verbraucherstreitbeilegung<\/strong><br \/>\nIm Hinblick auf eine Verpflichtung aus \u00a7\u00a7 36, 37 VSBG setzen wir unsere Patienten \u00fcber Folgendes in Kenntnis:<br \/>\nUnsere Praxis ist nicht zur Teilnahme an einem au\u00dfergerichtlichen Streitbeilegungsverfahren vor einer Verbraucherschlichtungsstelle verpflichtet und nimmt auch an einem au\u00dfergerichtlichen Streitbeilegungsverfahren vor einer Verbraucherschlichtungsstelle nicht teil.[\/et_pb_text][\/et_pb_column][\/et_pb_row][\/et_pb_section][et_pb_section fb_built=&#8220;1&#8243; _builder_version=&#8220;4.4.7&#8243; background_image=&#8220;https:\/\/zahnarzt-sittel.de\/wp-content\/uploads\/zahnarztpraxis-mainz-doktor-sittel-footer.jpg&#8220;][et_pb_row _builder_version=&#8220;4.4.7&#8243; background_size=&#8220;initial&#8220; background_position=&#8220;top_left&#8220; background_repeat=&#8220;repeat&#8220; width=&#8220;100%&#8220; max_width=&#8220;1440px&#8220; custom_padding=&#8220;|40px||40px|false|false&#8220;][et_pb_column type=&#8220;4_4&#8243; _builder_version=&#8220;4.4.7&#8243; background_color=&#8220;rgba(0,0,0,0)&#8220; custom_padding=&#8220;|30px||30px|false|false&#8220; custom_padding__hover=&#8220;|||&#8220;][et_pb_code admin_label=&#8220;Code&#8220; _builder_version=&#8220;4.4.7&#8243;]<\/p>\n<div class=\"spacer\"><!-- [et_pb_line_break_holder] --><\/div>\n<p>[\/et_pb_code][\/et_pb_column][\/et_pb_row][\/et_pb_section]<\/p>\n","protected":false},"excerpt":{"rendered":"<p>[et_pb_section fb_built=&#8220;1&#8243; module_class=&#8220;green-intro&#8220; _builder_version=&#8220;4.6.1&#8243; background_image=&#8220;https:\/\/zahnarzt-sittel.de\/wp-content\/uploads\/zahnarztpraxis-mainz-doktor-sittel-intro.jpg&#8220;][et_pb_row column_structure=&#8220;3_5,2_5&#8243; _builder_version=&#8220;4.4.7&#8243; background_size=&#8220;initial&#8220; background_position=&#8220;top_left&#8220; background_repeat=&#8220;repeat&#8220; width=&#8220;100%&#8220; max_width=&#8220;1440px&#8220; custom_padding=&#8220;|40px||40px|false|false&#8220;][et_pb_column type=&#8220;3_5&#8243; _builder_version=&#8220;4.4.7&#8243; background_color=&#8220;rgba(194,207,0,0.76)&#8220; custom_padding=&#8220;200px|30px|200px|30px|false|false&#8220; custom_padding__hover=&#8220;|||&#8220;][et_pb_text _builder_version=&#8220;4.6.5&#8243; text_text_color=&#8220;#000000&#8243; header_font=&#8220;Montserrat|||on|||||&#8220; header_text_color=&#8220;#ffffff&#8220; header_font_size=&#8220;50px&#8220; header_line_height=&#8220;60px&#8220; background_size=&#8220;initial&#8220; background_position=&#8220;top_left&#8220; background_repeat=&#8220;repeat&#8220;] Impressum [\/et_pb_text][\/et_pb_column][et_pb_column type=&#8220;2_5&#8243; _builder_version=&#8220;4.4.7&#8243; custom_padding=&#8220;|30px||30px|false|false&#8220;][\/et_pb_column][\/et_pb_row][\/et_pb_section][et_pb_section fb_built=&#8220;1&#8243; _builder_version=&#8220;4.4.7&#8243;][et_pb_row _builder_version=&#8220;4.4.7&#8243; width=&#8220;100%&#8220; max_width=&#8220;1440px&#8220; custom_padding=&#8220;|40px||40px|false|false&#8220;][et_pb_column type=&#8220;4_4&#8243; _builder_version=&#8220;4.4.7&#8243; custom_padding=&#8220;|30px||30px|false|false&#8220; box_shadow_style=&#8220;preset2&#8243;][et_pb_text _builder_version=&#8220;4.6.5&#8243; header_font=&#8220;Montserrat|300||on|||||&#8220; header_2_font=&#8220;Montserrat|300||on|||||&#8220; header_2_text_align=&#8220;left&#8220; header_2_text_color=&#8220;#3a3a39&#8243; header_2_font_size=&#8220;40px&#8220; header_2_line_height=&#8220;50px&#8220; custom_padding=&#8220;50px||||false|false&#8220;] Pflichtangaben nach \u00a7 5 DDG [&hellip;]<\/p>\n","protected":false},"author":1,"featured_media":0,"parent":0,"menu_order":0,"comment_status":"closed","ping_status":"closed","template":"","meta":{"_et_pb_use_builder":"on","_et_pb_old_content":"<p>Dies ist eine Beispiel-Seite. Sie unterscheidet sich von Beitr\u00e4gen, weil sie stets an der selben Stelle bleibt und (bei den meisten Themes) in der Navigationsleiste angezeigt wird. Die meisten Leute starten mit einer \u201e\u00dcber uns\u201c-Seite mit einer Vorstellung f\u00fcr m\u00f6gliche Besucher der Website. Dort k\u00f6nnte zum Beispiel stehen:<\/p><blockquote><p>Hallo! Tags\u00fcber arbeite ich als Fahrradkurier, nachts bin ich ein aufstrebender Schauspieler und dies hier ist mein Blog. Ich lebe in Berlin, habe einen gro\u00dfen Hund namens Jack, mag die Fantastischen Vier\u00a0und ein k\u00fchles Bier.<\/p><\/blockquote><p>Als neuer WordPress-Anwender solltest du das <a href=\"http:\/\/xdast.abcde.biz\/wordpress\/wp-admin\/\">Dashboard<\/a> aufrufen, um diese Seite zu l\u00f6schen und statt dessen eine neue Seite mit deinem eigenen Inhalt erstellen. Viel Spa\u00df!<\/p>","_et_gb_content_width":"","footnotes":""},"class_list":["post-209","page","type-page","status-publish","hentry"],"_links":{"self":[{"href":"https:\/\/zahnarzt-sittel.de\/index.php?rest_route=\/wp\/v2\/pages\/209","targetHints":{"allow":["GET"]}}],"collection":[{"href":"https:\/\/zahnarzt-sittel.de\/index.php?rest_route=\/wp\/v2\/pages"}],"about":[{"href":"https:\/\/zahnarzt-sittel.de\/index.php?rest_route=\/wp\/v2\/types\/page"}],"author":[{"embeddable":true,"href":"https:\/\/zahnarzt-sittel.de\/index.php?rest_route=\/wp\/v2\/users\/1"}],"replies":[{"embeddable":true,"href":"https:\/\/zahnarzt-sittel.de\/index.php?rest_route=%2Fwp%2Fv2%2Fcomments&post=209"}],"version-history":[{"count":12,"href":"https:\/\/zahnarzt-sittel.de\/index.php?rest_route=\/wp\/v2\/pages\/209\/revisions"}],"predecessor-version":[{"id":707,"href":"https:\/\/zahnarzt-sittel.de\/index.php?rest_route=\/wp\/v2\/pages\/209\/revisions\/707"}],"wp:attachment":[{"href":"https:\/\/zahnarzt-sittel.de\/index.php?rest_route=%2Fwp%2Fv2%2Fmedia&parent=209"}],"curies":[{"name":"wp","href":"https:\/\/api.w.org\/{rel}","templated":true}]}}