{"id":2,"date":"2015-12-22T07:07:04","date_gmt":"2015-12-22T06:07:04","guid":{"rendered":"http:\/\/xdast.abcde.biz\/wordpress\/?page_id=2"},"modified":"2020-09-30T08:47:14","modified_gmt":"2020-09-30T06:47:14","slug":"beispiel-seite","status":"publish","type":"page","link":"https:\/\/zahnarzt-sittel.de\/","title":{"rendered":"Zahnarzt Sittel"},"content":{"rendered":"<p>[et_pb_section fb_built=&#8220;1&#8243; module_class=&#8220;green-intro&#8220; _builder_version=&#8220;4.6.1&#8243; background_image=&#8220;https:\/\/zahnarzt-sittel.de\/wp-content\/uploads\/zahnarztpraxis-sittel-praxisbild-1.jpg&#8220;][et_pb_row column_structure=&#8220;1_2,1_2&#8243; _builder_version=&#8220;4.6.1&#8243; background_size=&#8220;initial&#8220; background_position=&#8220;top_left&#8220; background_repeat=&#8220;repeat&#8220; width=&#8220;100%&#8220; max_width=&#8220;1440px&#8220; custom_padding=&#8220;|40px||40px|false|false&#8220;][et_pb_column type=&#8220;1_2&#8243; _builder_version=&#8220;4.4.7&#8243; background_color=&#8220;rgba(194,207,0,0.76)&#8220; custom_padding=&#8220;200px|30px|200px|30px|false|false&#8220; custom_padding__hover=&#8220;|||&#8220;][et_pb_text _builder_version=&#8220;4.6.5&#8243; text_text_color=&#8220;#000000&#8243; header_font=&#8220;|||on|||||&#8220; header_text_color=&#8220;#ffffff&#8220; header_font_size=&#8220;50px&#8220; background_size=&#8220;initial&#8220; background_position=&#8220;top_left&#8220; background_repeat=&#8220;repeat&#8220; hover_enabled=&#8220;0&#8243; header_font_size_tablet=&#8220;35px&#8220; header_font_size_phone=&#8220;30px&#8220; header_font_size_last_edited=&#8220;on|tablet&#8220; sticky_enabled=&#8220;0&#8243;]<\/p>\n<h1>Zahnarztpraxis Sittel<\/h1>\n<p>[\/et_pb_text][et_pb_divider color=&#8220;#ffffff&#8220; divider_weight=&#8220;3px&#8220; _builder_version=&#8220;4.4.7&#8243; module_alignment=&#8220;left&#8220;][\/et_pb_divider][et_pb_button button_text=&#8220;Mehr&#8220; button_alignment=&#8220;left&#8220; admin_label=&#8220;Button&#8220; _builder_version=&#8220;4.4.7&#8243; custom_button=&#8220;on&#8220; button_text_size=&#8220;20px&#8220; button_text_color=&#8220;#c2cf00&#8243; button_bg_color=&#8220;#ffffff&#8220; button_border_width=&#8220;0px&#8220; button_border_color=&#8220;rgba(0,0,0,0)&#8220; button_border_radius=&#8220;0px&#8220; button_font=&#8220;Montserrat|600||on|||||&#8220; button_use_icon=&#8220;off&#8220; background_layout=&#8220;dark&#8220; custom_margin=&#8220;||||false|false&#8220; custom_padding=&#8220;|30px||30px|false|false&#8220;][\/et_pb_button][\/et_pb_column][et_pb_column type=&#8220;1_2&#8243; _builder_version=&#8220;4.4.7&#8243; custom_padding=&#8220;|30px||30px|false|false&#8220;][\/et_pb_column][\/et_pb_row][\/et_pb_section][et_pb_section fb_built=&#8220;1&#8243; _builder_version=&#8220;4.4.7&#8243; background_color=&#8220;#ffffff&#8220;][et_pb_row column_structure=&#8220;2_3,1_3&#8243; _builder_version=&#8220;4.4.7&#8243; width=&#8220;100%&#8220; max_width=&#8220;1440px&#8220; custom_padding=&#8220;|40px||40px|false|false&#8220;][et_pb_column type=&#8220;2_3&#8243; _builder_version=&#8220;4.4.7&#8243; custom_padding=&#8220;|30px||30px|false|false&#8220; box_shadow_style=&#8220;preset2&#8243;][et_pb_text _builder_version=&#8220;4.4.7&#8243; header_font=&#8220;Montserrat|300||on|||||&#8220; header_line_height=&#8220;50px&#8220; header_2_font=&#8220;Montserrat|300||on|||||&#8220; header_2_text_align=&#8220;left&#8220; header_2_text_color=&#8220;#3a3a39&#8243; header_2_font_size=&#8220;40px&#8220; custom_padding=&#8220;50px||||false|false&#8220;]<\/p>\n<h2>Herzlich Willkommen<\/h2>\n<p>[\/et_pb_text][et_pb_text _builder_version=&#8220;4.4.7&#8243; text_font=&#8220;Montserrat|300|||||||&#8220; text_text_color=&#8220;#3a3a39&#8243; text_font_size=&#8220;16px&#8220; text_line_height=&#8220;32px&#8220; header_line_height=&#8220;45px&#8220; custom_padding=&#8220;||50px||false|false&#8220;]<\/p>\n<p>auf der Website der Zahnarztpraxis Christopher Sittel<br \/> \u2013 Ihr Zahnarzt in Mainz<\/p>\n<p>Zum 01.10.2019 habe ich die seit 1983 bestehende Praxis von meinem Vorg\u00e4nger Dr. Gerhard Goossens \u00fcbernommen und stehe Ihnen seitdem mit meinem Team in allen Bereichen der modernen Zahnmedizin zur Verf\u00fcgung.<\/p>\n<p>Mit unserem umfangreichen Prophylaxekonzept, auch bei den Kleinsten Ihrer Familie, setzen wir uns daf\u00fcr ein, Ihre nat\u00fcrlichen Z\u00e4hne langfristig zu erhalten. Sollte bei Ihnen doch Zahnersatz ben\u00f6tigt werden, so wird dieser im hauseigenen Praxislabor hergestellt und \u00e4sthetisch sowie funktionell auf Ihre individuellen Bed\u00fcrfnisse angepasst.<\/p>\n<p>Durch st\u00e4ndige Fortbildungen und enge Zusammenarbeit mit Spezialisten k\u00f6nnen wir Ihnen das gesamte Spektrum der modernen Zahnmedizin anbieten, bei dem jeweils der Patient mit seinen W\u00fcnschen und Bed\u00fcrfnissen im Mittelpunkt steht.<br \/> Besonders am Herzen liegt uns hierbei die Harmonie im Team, sowie mit dem Patienten.<\/p>\n<p>In einer ausf\u00fchrlichen Beratung sowie intensivem Gespr\u00e4ch entwickeln wir mit Ihnen gemeinsam ein f\u00fcr Sie passendes Behandlungskonzept.<\/p>\n<p>Wir freuen uns auf Ihren Besuch!<\/p>\n<p>ZA Christopher Sittel und Praxisteam<\/p>\n<p>[\/et_pb_text][\/et_pb_column][et_pb_column type=&#8220;1_3&#8243; _builder_version=&#8220;4.4.7&#8243; custom_padding=&#8220;|30px||30px|false|false&#8220;][et_pb_image src=&#8220;https:\/\/zahnarzt-sittel.de\/wp-content\/uploads\/zahnarztpraxis-mainz-doktor-sittel-profilbild.jpg&#8220; alt=&#8220;Zahnarztpraxis Mainz Doktor Sittel Profilbild&#8220; title_text=&#8220;zahnarztpraxis-mainz-doktor-sittel-profilbild&#8220; force_fullwidth=&#8220;on&#8220; _builder_version=&#8220;4.4.7&#8243; module_alignment=&#8220;center&#8220; box_shadow_style=&#8220;preset2&#8243;][\/et_pb_image][\/et_pb_column][\/et_pb_row][\/et_pb_section][et_pb_section fb_built=&#8220;1&#8243; disabled_on=&#8220;on|on|on&#8220; _builder_version=&#8220;4.6.1&#8243; background_color=&#8220;rgba(194,207,0,0.85)&#8220; background_image=&#8220;https:\/\/zahnarzt-sittel.de\/wp-content\/uploads\/zahnarztpraxis-mainz-doktor-sittel-muster.png&#8220; custom_padding=&#8220;0px||0px||false|false&#8220; disabled=&#8220;on&#8220;][et_pb_row _builder_version=&#8220;4.4.7&#8243; width=&#8220;100%&#8220; max_width=&#8220;1440px&#8220; custom_padding=&#8220;0px|40px|0px|40px|false|false&#8220; animation_style=&#8220;zoom&#8220;][et_pb_column type=&#8220;4_4&#8243; _builder_version=&#8220;4.4.7&#8243; custom_padding=&#8220;|30px||30px|false|false&#8220;][et_pb_slider show_pagination=&#8220;off&#8220; arrows_custom_color=&#8220;#ffffff&#8220; dot_nav_custom_color=&#8220;rgba(0,0,0,0)&#8220; _builder_version=&#8220;4.4.7&#8243; header_font=&#8220;|||on|||||&#8220; header_text_align=&#8220;center&#8220; header_text_color=&#8220;#ffffff&#8220; header_font_size=&#8220;45px&#8220; header_line_height=&#8220;60px&#8220; custom_padding=&#8220;80px||80px||false|false&#8220;][et_pb_slide heading=&#8220;Versorgen statt reparieren&#8220; use_bg_overlay=&#8220;off&#8220; use_text_overlay=&#8220;off&#8220; arrows_custom_color=&#8220;#ffffff&#8220; dot_nav_custom_color=&#8220;rgba(0,0,0,0)&#8220; _builder_version=&#8220;4.4.7&#8243; header_font=&#8220;|||on|||||&#8220; header_text_align=&#8220;center&#8220; header_font_size=&#8220;45px&#8220; header_line_height=&#8220;60px&#8220; background_color=&#8220;rgba(0,0,0,0)&#8220; background_enable_color=&#8220;on&#8220; header_text_shadow_style=&#8220;preset2&#8243; sticky_transition=&#8220;on&#8220;][\/et_pb_slide][et_pb_slide heading=&#8220;Versorgen statt reparieren&#8220; use_bg_overlay=&#8220;off&#8220; use_text_overlay=&#8220;off&#8220; arrows_custom_color=&#8220;#ffffff&#8220; dot_nav_custom_color=&#8220;rgba(0,0,0,0)&#8220; _builder_version=&#8220;4.4.7&#8243; header_font=&#8220;Montserrat|||on|||||&#8220; header_text_align=&#8220;center&#8220; header_font_size=&#8220;45px&#8220; background_color=&#8220;rgba(0,0,0,0)&#8220; background_enable_color=&#8220;on&#8220; header_text_shadow_style=&#8220;preset2&#8243; sticky_transition=&#8220;on&#8220;][\/et_pb_slide][\/et_pb_slider][\/et_pb_column][\/et_pb_row][\/et_pb_section][et_pb_section fb_built=&#8220;1&#8243; _builder_version=&#8220;4.6.1&#8243; background_color=&#8220;#c2cf00&#8243; custom_margin=&#8220;||||false|false&#8220; custom_padding=&#8220;||||false|false&#8220;][et_pb_row _builder_version=&#8220;4.6.1&#8243; width=&#8220;100%&#8220; max_width=&#8220;1440px&#8220; custom_margin=&#8220;0px||0px||false|false&#8220; custom_padding=&#8220;0px|40px|0px|40px|false|false&#8220;][et_pb_column type=&#8220;4_4&#8243; module_class=&#8220;equal-height-col&#8220; admin_label=&#8220;Spalte&#8220; _builder_version=&#8220;4.6.1&#8243; background_enable_color=&#8220;off&#8220; custom_padding=&#8220;||||false|false&#8220;][et_pb_dp_posts_slider select_style=&#8220;style13&#8243; display_dp_posts_slider_category=&#8220;specificcategory&#8220; include_categories=&#8220;7&#8243; display_excerpt=&#8220;on&#8220; dp_posts_slider_show_date=&#8220;off&#8220; dp_posts_slider_show_category=&#8220;off&#8220; dp_read_more_button_text=&#8220;MEHR&#8220; dp_posts_slider_autoplayspeed=&#8220;5000&#8243; dp_posts_slider_nav=&#8220;on&#8220; dp_posts_slider_nav_arrow_color=&#8220;#ffffff&#8220; dp_posts_slider_dots=&#8220;off&#8220; hidden_field=&#8220;29&#8243; _builder_version=&#8220;4.6.1&#8243; _module_preset=&#8220;default&#8220; background_color=&#8220;#ffffff&#8220; background_enable_color=&#8220;off&#8220;][\/et_pb_dp_posts_slider][\/et_pb_column][\/et_pb_row][\/et_pb_section][et_pb_section fb_built=&#8220;1&#8243; _builder_version=&#8220;4.6.1&#8243; background_image=&#8220;https:\/\/zahnarzt-sittel.de\/wp-content\/uploads\/zahnarztpraxis-sittel-praxisbild-3.jpg&#8220; min_height=&#8220;500px&#8220;][et_pb_row _builder_version=&#8220;4.4.7&#8243; background_size=&#8220;initial&#8220; background_position=&#8220;top_left&#8220; background_repeat=&#8220;repeat&#8220; width=&#8220;100%&#8220; max_width=&#8220;1440px&#8220; custom_padding=&#8220;|40px||40px|false|false&#8220;][et_pb_column type=&#8220;4_4&#8243; _builder_version=&#8220;4.4.7&#8243; background_color=&#8220;rgba(0,0,0,0)&#8220; custom_padding=&#8220;|30px||30px|false|false&#8220; custom_padding__hover=&#8220;|||&#8220;][et_pb_code admin_label=&#8220;Code&#8220; _builder_version=&#8220;4.4.7&#8243;]<\/p>\n<div class=\"spacer\"><!-- [et_pb_line_break_holder] --><\/div>\n<p>[\/et_pb_code][\/et_pb_column][\/et_pb_row][\/et_pb_section]<\/p>\n","protected":false},"excerpt":{"rendered":"<p>[et_pb_section fb_built=&#8220;1&#8243; module_class=&#8220;green-intro&#8220; _builder_version=&#8220;4.6.1&#8243; background_image=&#8220;https:\/\/zahnarzt-sittel.de\/wp-content\/uploads\/zahnarztpraxis-sittel-praxisbild-1.jpg&#8220;][et_pb_row column_structure=&#8220;1_2,1_2&#8243; _builder_version=&#8220;4.6.1&#8243; background_size=&#8220;initial&#8220; background_position=&#8220;top_left&#8220; background_repeat=&#8220;repeat&#8220; width=&#8220;100%&#8220; max_width=&#8220;1440px&#8220; custom_padding=&#8220;|40px||40px|false|false&#8220;][et_pb_column type=&#8220;1_2&#8243; _builder_version=&#8220;4.4.7&#8243; background_color=&#8220;rgba(194,207,0,0.76)&#8220; custom_padding=&#8220;200px|30px|200px|30px|false|false&#8220; custom_padding__hover=&#8220;|||&#8220;][et_pb_text _builder_version=&#8220;4.6.5&#8243; text_text_color=&#8220;#000000&#8243; header_font=&#8220;|||on|||||&#8220; header_text_color=&#8220;#ffffff&#8220; header_font_size=&#8220;50px&#8220; background_size=&#8220;initial&#8220; background_position=&#8220;top_left&#8220; background_repeat=&#8220;repeat&#8220; hover_enabled=&#8220;0&#8243; header_font_size_tablet=&#8220;35px&#8220; header_font_size_phone=&#8220;30px&#8220; header_font_size_last_edited=&#8220;on|tablet&#8220; sticky_enabled=&#8220;0&#8243;] Zahnarztpraxis Sittel [\/et_pb_text][et_pb_divider color=&#8220;#ffffff&#8220; divider_weight=&#8220;3px&#8220; _builder_version=&#8220;4.4.7&#8243; module_alignment=&#8220;left&#8220;][\/et_pb_divider][et_pb_button button_text=&#8220;Mehr&#8220; button_alignment=&#8220;left&#8220; admin_label=&#8220;Button&#8220; _builder_version=&#8220;4.4.7&#8243; custom_button=&#8220;on&#8220; button_text_size=&#8220;20px&#8220; button_text_color=&#8220;#c2cf00&#8243; button_bg_color=&#8220;#ffffff&#8220; button_border_width=&#8220;0px&#8220; button_border_color=&#8220;rgba(0,0,0,0)&#8220; button_border_radius=&#8220;0px&#8220; button_font=&#8220;Montserrat|600||on|||||&#8220; button_use_icon=&#8220;off&#8220; background_layout=&#8220;dark&#8220; custom_margin=&#8220;||||false|false&#8220; custom_padding=&#8220;|30px||30px|false|false&#8220;][\/et_pb_button][\/et_pb_column][et_pb_column type=&#8220;1_2&#8243; [&hellip;]<\/p>\n","protected":false},"author":1,"featured_media":0,"parent":0,"menu_order":0,"comment_status":"closed","ping_status":"closed","template":"","meta":{"_et_pb_use_builder":"on","_et_pb_old_content":"<p>Dies ist eine Beispiel-Seite. Sie unterscheidet sich von Beitr\u00e4gen, weil sie stets an der selben Stelle bleibt und (bei den meisten Themes) in der Navigationsleiste angezeigt wird. Die meisten Leute starten mit einer \u201e\u00dcber uns\u201c-Seite mit einer Vorstellung f\u00fcr m\u00f6gliche Besucher der Website. Dort k\u00f6nnte zum Beispiel stehen:<\/p><blockquote><p>Hallo! Tags\u00fcber arbeite ich als Fahrradkurier, nachts bin ich ein aufstrebender Schauspieler und dies hier ist mein Blog. Ich lebe in Berlin, habe einen gro\u00dfen Hund namens Jack, mag die Fantastischen Vier\u00a0und ein k\u00fchles Bier.<\/p><\/blockquote><p>Als neuer WordPress-Anwender solltest du das <a href=\"http:\/\/xdast.abcde.biz\/wordpress\/wp-admin\/\">Dashboard<\/a> aufrufen, um diese Seite zu l\u00f6schen und statt dessen eine neue Seite mit deinem eigenen Inhalt erstellen. Viel Spa\u00df!<\/p>","_et_gb_content_width":"","footnotes":""},"class_list":["post-2","page","type-page","status-publish","hentry"],"_links":{"self":[{"href":"https:\/\/zahnarzt-sittel.de\/index.php?rest_route=\/wp\/v2\/pages\/2","targetHints":{"allow":["GET"]}}],"collection":[{"href":"https:\/\/zahnarzt-sittel.de\/index.php?rest_route=\/wp\/v2\/pages"}],"about":[{"href":"https:\/\/zahnarzt-sittel.de\/index.php?rest_route=\/wp\/v2\/types\/page"}],"author":[{"embeddable":true,"href":"https:\/\/zahnarzt-sittel.de\/index.php?rest_route=\/wp\/v2\/users\/1"}],"replies":[{"embeddable":true,"href":"https:\/\/zahnarzt-sittel.de\/index.php?rest_route=%2Fwp%2Fv2%2Fcomments&post=2"}],"version-history":[{"count":53,"href":"https:\/\/zahnarzt-sittel.de\/index.php?rest_route=\/wp\/v2\/pages\/2\/revisions"}],"predecessor-version":[{"id":676,"href":"https:\/\/zahnarzt-sittel.de\/index.php?rest_route=\/wp\/v2\/pages\/2\/revisions\/676"}],"wp:attachment":[{"href":"https:\/\/zahnarzt-sittel.de\/index.php?rest_route=%2Fwp%2Fv2%2Fmedia&parent=2"}],"curies":[{"name":"wp","href":"https:\/\/api.w.org\/{rel}","templated":true}]}}